{"id":4390,"date":"2025-06-17T09:08:39","date_gmt":"2025-06-17T09:08:39","guid":{"rendered":"https:\/\/silencioclub.com\/?page_id=4390"},"modified":"2026-05-07T10:19:06","modified_gmt":"2026-05-07T10:19:06","slug":"playa","status":"publish","type":"page","link":"https:\/\/silencioclub.com\/es\/playa\/","title":{"rendered":"Playa"},"content":{"rendered":"\t\t<div data-elementor-type=\"wp-page\" data-elementor-id=\"4390\" class=\"elementor elementor-4390\" data-elementor-post-type=\"page\">\n\t\t\t\t\t\t<section class=\"elementor-section elementor-top-section elementor-element elementor-element-199bde5 elementor-section-full_width elementor-section-height-default elementor-section-height-default\" data-id=\"199bde5\" data-element_type=\"section\">\n\t\t\t\t\t\t<div class=\"elementor-container elementor-column-gap-no\">\n\t\t\t\t\t<div class=\"elementor-column elementor-col-100 elementor-top-column elementor-element elementor-element-a9b8ebf\" data-id=\"a9b8ebf\" data-element_type=\"column\">\n\t\t\t<div class=\"elementor-widget-wrap elementor-element-populated\">\n\t\t\t\t\t\t<div class=\"elementor-element elementor-element-6e22834 elementor-align-left elementor-widget elementor-widget-pages-restaurant-banner\" data-id=\"6e22834\" data-element_type=\"widget\" data-widget_type=\"pages-restaurant-banner.default\">\n\t\t\t\t<div class=\"elementor-widget-container\">\n\t\t\t\t\t\r\n\t\t<header class=\"header slider\">\r\n\t\t\t<div class=\"owl-carousel owl-theme\">\r\n\t\t\t\t<!-- The opacity on the image is made with \"data-overlay-dark=\"number\". You can change it using the numbers 0-9. -->\r\n\t\t\t\t\t\t\t\t\t\t\t\t\t\t\t<div class=\"text-center item bg-img\" data-overlay-dark=\"3\" data-background=\"https:\/\/silencioclub.com\/wp-content\/uploads\/2025\/02\/FL_0001-scaled.webp\"><\/div>\r\n\t\t\t\t\t\t\t\t\t\t\t\t<\/div>\r\n\t\t\t<!-- arrow down -->\r\n\t\t\t<div class=\"arrow bounce text-center\">\r\n\t\t\t\t<a href=\"#\" data-scroll-nav=\"1\" class=\"\"> <i class=\"ti-arrow-down\"><\/i> <\/a>\r\n\t\t\t<\/div>\r\n\t\t<\/header>\r\n\r\n\t\t\r\n\t\t\t\t\t<\/div>\n\t\t\t\t<\/div>\n\t\t\t\t\t<\/div>\n\t\t<\/div>\n\t\t\t\t\t<\/div>\n\t\t<\/section>\n\t\t\t\t<section class=\"elementor-section elementor-top-section elementor-element elementor-element-f75261f elementor-section-full_width elementor-section-height-default elementor-section-height-default\" data-id=\"f75261f\" data-element_type=\"section\">\n\t\t\t\t\t\t<div class=\"elementor-container elementor-column-gap-no\">\n\t\t\t\t\t<div class=\"elementor-column elementor-col-100 elementor-top-column elementor-element elementor-element-003bdf4\" data-id=\"003bdf4\" data-element_type=\"column\">\n\t\t\t<div class=\"elementor-widget-wrap elementor-element-populated\">\n\t\t\t\t\t\t<div class=\"elementor-element elementor-element-b9f6e29 elementor-align-left elementor-widget elementor-widget-pages-restaurant-content\" data-id=\"b9f6e29\" data-element_type=\"widget\" data-widget_type=\"pages-restaurant-content.default\">\n\t\t\t\t<div class=\"elementor-widget-container\">\n\t\t\t\t\t\n\t\t<section class=\"rooms-page section-padding\" data-scroll-index=\"1\">\n\t\t\t<div class=\"container\">\n\t\t\t\t<div class=\"row\">\n\t\t\t\t\t<div class=\"col-md-12 text-left\"> \n\t\t\t\t\t\t\t\t\t\t\t\t<span>\n\t\t\t\t\t\t\t\t\t\t\t\t\t\t\t<i class=\"star-rating\"><\/i>\n\t\t\t\t\t\t\t\t<i class=\"star-rating\"><\/i>\n\t\t\t\t\t\t\t\t<i class=\"star-rating\"><\/i>\n\t\t\t\t\t\t\t\t<i class=\"star-rating\"><\/i>\n\t\t\t\t\t\t\t\t<i class=\"star-rating\"><\/i>\n\t\t\t\t\t\t\t\t\t\t\t\t\t<\/span>\n\t\t\t\t\t\t\t\t\t\t\t\t\t\t\t\t\t\t\t<div class=\"section-subtitle\">Un rinc\u00f3n de serenidad junto al mar<\/div>\n\t\t\t\t\t\t\t\t\t\t\t\t\t\t\t\t\t\t\t<div class=\"section-title\">La playa<\/div>\n\t\t\t\t\t\t\t\t\t\t\t<\/div>\n\t\t\t\t\t<div class=\"col-md-12\">\n\t\t\t\t\t\t\t\t\t\t\t\tEn Silencio cada detalle est\u00e1 dise\u00f1ado para envolver tus sentidos: el suave tacto de la arena bajo tus pies, la vista infinita del azul del mar, el aroma salado que llena el aire, y el sonido del agua mezcl\u00e1ndose con una cuidada selecci\u00f3n musical. Descubre nuestro exclusivo servicio de hamacas, disfruta de c\u00f3cteles artesanales bajo el sol, o d\u00e9jate llevar por la magia de una puesta de sol en la mejor compa\u00f1\u00eda.\n\n\t\t\t\t\t\t\t\t\t\t\t\t<ul class=\"list-unstyled page-list mb-30\">\n\t\t\t\t\t\t\t\t\t\t\t\t\t<\/ul>\n\t\t\t\t\t<\/div>\n\t\t\t\t<\/div>\n\t\t\t<\/div>\n\t\t<\/section>\n\n\t\t\t\t\t<\/div>\n\t\t\t\t<\/div>\n\t\t\t\t\t<\/div>\n\t\t<\/div>\n\t\t\t\t\t<\/div>\n\t\t<\/section>\n\t\t\t\t<section class=\"elementor-section elementor-top-section elementor-element elementor-element-4dc601a elementor-section-boxed elementor-section-height-default elementor-section-height-default\" data-id=\"4dc601a\" data-element_type=\"section\">\n\t\t\t\t\t\t<div class=\"elementor-container elementor-column-gap-default\">\n\t\t\t\t\t<div class=\"elementor-column elementor-col-50 elementor-top-column elementor-element elementor-element-ebaaa44\" data-id=\"ebaaa44\" data-element_type=\"column\">\n\t\t\t<div class=\"elementor-widget-wrap elementor-element-populated\">\n\t\t\t\t\t\t<div class=\"elementor-element elementor-element-ef168e4 elementor-align-center elementor-widget elementor-widget-button\" data-id=\"ef168e4\" data-element_type=\"widget\" data-widget_type=\"button.default\">\n\t\t\t\t<div class=\"elementor-widget-container\">\n\t\t\t\t\t\t\t\t\t<div class=\"elementor-button-wrapper\">\n\t\t\t\t\t<a class=\"elementor-button elementor-button-link elementor-size-sm\" href=\"https:\/\/silencioclub.com\/wp-content\/uploads\/2026\/05\/Carta-Playa-Espanol_silencio-2026-1.pdf\" target=\"_blank\">\n\t\t\t\t\t\t<span class=\"elementor-button-content-wrapper\">\n\t\t\t\t\t\t\t\t\t<span class=\"elementor-button-text\">CARTA DE LA PLAYA<\/span>\n\t\t\t\t\t<\/span>\n\t\t\t\t\t<\/a>\n\t\t\t\t<\/div>\n\t\t\t\t\t\t\t\t<\/div>\n\t\t\t\t<\/div>\n\t\t\t\t\t<\/div>\n\t\t<\/div>\n\t\t\t\t<div class=\"elementor-column elementor-col-50 elementor-top-column elementor-element elementor-element-443ccc2\" data-id=\"443ccc2\" data-element_type=\"column\">\n\t\t\t<div class=\"elementor-widget-wrap elementor-element-populated\">\n\t\t\t\t\t\t<div class=\"elementor-element elementor-element-a51e765 elementor-align-center elementor-widget elementor-widget-button\" data-id=\"a51e765\" data-element_type=\"widget\" data-widget_type=\"button.default\">\n\t\t\t\t<div class=\"elementor-widget-container\">\n\t\t\t\t\t\t\t\t\t<div class=\"elementor-button-wrapper\">\n\t\t\t\t\t<a class=\"elementor-button elementor-button-link elementor-size-sm\" href=\"https:\/\/silencioclub.com\/wp-content\/uploads\/2026\/05\/SILENCIO-CARTA-COCTELES_2026.pdf\" target=\"_blank\">\n\t\t\t\t\t\t<span class=\"elementor-button-content-wrapper\">\n\t\t\t\t\t\t\t\t\t<span class=\"elementor-button-text\">CARTA DE C\u00d3CTELES<\/span>\n\t\t\t\t\t<\/span>\n\t\t\t\t\t<\/a>\n\t\t\t\t<\/div>\n\t\t\t\t\t\t\t\t<\/div>\n\t\t\t\t<\/div>\n\t\t\t\t\t<\/div>\n\t\t<\/div>\n\t\t\t\t\t<\/div>\n\t\t<\/section>\n\t\t\t\t<section class=\"elementor-section elementor-top-section elementor-element elementor-element-6646c92 elementor-section-boxed elementor-section-height-default elementor-section-height-default\" data-id=\"6646c92\" data-element_type=\"section\">\n\t\t\t\t\t\t<div class=\"elementor-container elementor-column-gap-default\">\n\t\t\t\t\t<div class=\"elementor-column elementor-col-25 elementor-top-column elementor-element elementor-element-de4ba80\" data-id=\"de4ba80\" data-element_type=\"column\">\n\t\t\t<div class=\"elementor-widget-wrap elementor-element-populated\">\n\t\t\t\t\t\t<div class=\"elementor-element elementor-element-5030f82 elementor-hidden-mobile elementor-widget elementor-widget-image\" data-id=\"5030f82\" data-element_type=\"widget\" data-widget_type=\"image.default\">\n\t\t\t\t<div class=\"elementor-widget-container\">\n\t\t\t\t\t\t\t\t\t\t\t\t\t\t\t<img fetchpriority=\"high\" decoding=\"async\" width=\"683\" height=\"1024\" src=\"https:\/\/silencioclub.com\/wp-content\/uploads\/2024\/12\/iT0Foedg-683x1024.jpeg\" class=\"attachment-large size-large wp-image-3212\" alt=\"\" srcset=\"https:\/\/silencioclub.com\/wp-content\/uploads\/2024\/12\/iT0Foedg-683x1024.jpeg 683w, https:\/\/silencioclub.com\/wp-content\/uploads\/2024\/12\/iT0Foedg-200x300.jpeg 200w, https:\/\/silencioclub.com\/wp-content\/uploads\/2024\/12\/iT0Foedg-768x1152.jpeg 768w, https:\/\/silencioclub.com\/wp-content\/uploads\/2024\/12\/iT0Foedg-1024x1536.jpeg 1024w, https:\/\/silencioclub.com\/wp-content\/uploads\/2024\/12\/iT0Foedg-1365x2048.jpeg 1365w, https:\/\/silencioclub.com\/wp-content\/uploads\/2024\/12\/iT0Foedg-scaled.jpeg 1707w\" sizes=\"(max-width: 683px) 100vw, 683px\" \/>\t\t\t\t\t\t\t\t\t\t\t\t\t\t\t<\/div>\n\t\t\t\t<\/div>\n\t\t\t\t\t<\/div>\n\t\t<\/div>\n\t\t\t\t<div class=\"elementor-column elementor-col-25 elementor-top-column elementor-element elementor-element-996ad96\" data-id=\"996ad96\" data-element_type=\"column\">\n\t\t\t<div class=\"elementor-widget-wrap elementor-element-populated\">\n\t\t\t\t\t\t<div class=\"elementor-element elementor-element-0b8e1a1 elementor-widget elementor-widget-image\" data-id=\"0b8e1a1\" data-element_type=\"widget\" data-widget_type=\"image.default\">\n\t\t\t\t<div class=\"elementor-widget-container\">\n\t\t\t\t\t\t\t\t\t\t\t\t\t\t\t<img decoding=\"async\" width=\"533\" height=\"800\" src=\"https:\/\/silencioclub.com\/wp-content\/uploads\/2024\/12\/iE9sk6kw.jpeg\" class=\"attachment-large size-large wp-image-3211\" alt=\"\" srcset=\"https:\/\/silencioclub.com\/wp-content\/uploads\/2024\/12\/iE9sk6kw.jpeg 533w, https:\/\/silencioclub.com\/wp-content\/uploads\/2024\/12\/iE9sk6kw-200x300.jpeg 200w\" sizes=\"(max-width: 533px) 100vw, 533px\" \/>\t\t\t\t\t\t\t\t\t\t\t\t\t\t\t<\/div>\n\t\t\t\t<\/div>\n\t\t\t\t\t<\/div>\n\t\t<\/div>\n\t\t\t\t<div class=\"elementor-column elementor-col-25 elementor-top-column elementor-element elementor-element-8101141\" data-id=\"8101141\" data-element_type=\"column\">\n\t\t\t<div class=\"elementor-widget-wrap elementor-element-populated\">\n\t\t\t\t\t\t<div class=\"elementor-element elementor-element-eef2884 elementor-widget elementor-widget-image\" data-id=\"eef2884\" data-element_type=\"widget\" data-widget_type=\"image.default\">\n\t\t\t\t<div class=\"elementor-widget-container\">\n\t\t\t\t\t\t\t\t\t\t\t\t\t\t\t<img decoding=\"async\" width=\"533\" height=\"800\" src=\"https:\/\/silencioclub.com\/wp-content\/uploads\/2024\/12\/hWMa2ozw.jpeg\" class=\"attachment-large size-large wp-image-3210\" alt=\"\" srcset=\"https:\/\/silencioclub.com\/wp-content\/uploads\/2024\/12\/hWMa2ozw.jpeg 533w, https:\/\/silencioclub.com\/wp-content\/uploads\/2024\/12\/hWMa2ozw-200x300.jpeg 200w\" sizes=\"(max-width: 533px) 100vw, 533px\" \/>\t\t\t\t\t\t\t\t\t\t\t\t\t\t\t<\/div>\n\t\t\t\t<\/div>\n\t\t\t\t\t<\/div>\n\t\t<\/div>\n\t\t\t\t<div class=\"elementor-column elementor-col-25 elementor-top-column elementor-element elementor-element-83ac624\" data-id=\"83ac624\" data-element_type=\"column\">\n\t\t\t<div class=\"elementor-widget-wrap elementor-element-populated\">\n\t\t\t\t\t\t<div class=\"elementor-element elementor-element-407f4a3 elementor-hidden-mobile elementor-widget elementor-widget-image\" data-id=\"407f4a3\" data-element_type=\"widget\" data-widget_type=\"image.default\">\n\t\t\t\t<div class=\"elementor-widget-container\">\n\t\t\t\t\t\t\t\t\t\t\t\t\t\t\t<img loading=\"lazy\" decoding=\"async\" width=\"683\" height=\"1024\" src=\"https:\/\/silencioclub.com\/wp-content\/uploads\/2024\/12\/M0JYXknQ-683x1024.jpeg\" class=\"attachment-large size-large wp-image-3209\" alt=\"\" srcset=\"https:\/\/silencioclub.com\/wp-content\/uploads\/2024\/12\/M0JYXknQ-683x1024.jpeg 683w, https:\/\/silencioclub.com\/wp-content\/uploads\/2024\/12\/M0JYXknQ-200x300.jpeg 200w, https:\/\/silencioclub.com\/wp-content\/uploads\/2024\/12\/M0JYXknQ-768x1152.jpeg 768w, https:\/\/silencioclub.com\/wp-content\/uploads\/2024\/12\/M0JYXknQ-1024x1536.jpeg 1024w, https:\/\/silencioclub.com\/wp-content\/uploads\/2024\/12\/M0JYXknQ-1365x2048.jpeg 1365w, https:\/\/silencioclub.com\/wp-content\/uploads\/2024\/12\/M0JYXknQ-scaled.jpeg 1707w\" sizes=\"(max-width: 683px) 100vw, 683px\" \/>\t\t\t\t\t\t\t\t\t\t\t\t\t\t\t<\/div>\n\t\t\t\t<\/div>\n\t\t\t\t\t<\/div>\n\t\t<\/div>\n\t\t\t\t\t<\/div>\n\t\t<\/section>\n\t\t\t\t<\/div>\n\t\t","protected":false},"excerpt":{"rendered":"<p>Un rinc\u00f3n de serenidad junto al mar La playa En Silencio cada detalle est\u00e1 dise\u00f1ado para envolver tus sentidos: el suave tacto de la arena bajo tus pies, la vista infinita del azul del mar, el aroma salado que llena el aire, y el sonido del agua mezcl\u00e1ndose con una cuidada selecci\u00f3n musical. Descubre nuestro [&hellip;]<\/p>\n","protected":false},"author":4,"featured_media":0,"parent":0,"menu_order":0,"comment_status":"closed","ping_status":"closed","template":"page-templates\/home.php","meta":{"footnotes":""},"class_list":["post-4390","page","type-page","status-publish","hentry"],"_links":{"self":[{"href":"https:\/\/silencioclub.com\/es\/wp-json\/wp\/v2\/pages\/4390","targetHints":{"allow":["GET"]}}],"collection":[{"href":"https:\/\/silencioclub.com\/es\/wp-json\/wp\/v2\/pages"}],"about":[{"href":"https:\/\/silencioclub.com\/es\/wp-json\/wp\/v2\/types\/page"}],"author":[{"embeddable":true,"href":"https:\/\/silencioclub.com\/es\/wp-json\/wp\/v2\/users\/4"}],"replies":[{"embeddable":true,"href":"https:\/\/silencioclub.com\/es\/wp-json\/wp\/v2\/comments?post=4390"}],"version-history":[{"count":44,"href":"https:\/\/silencioclub.com\/es\/wp-json\/wp\/v2\/pages\/4390\/revisions"}],"predecessor-version":[{"id":4861,"href":"https:\/\/silencioclub.com\/es\/wp-json\/wp\/v2\/pages\/4390\/revisions\/4861"}],"wp:attachment":[{"href":"https:\/\/silencioclub.com\/es\/wp-json\/wp\/v2\/media?parent=4390"}],"curies":[{"name":"wp","href":"https:\/\/api.w.org\/{rel}","templated":true}]}}