{"id":4610,"date":"2025-10-17T07:15:41","date_gmt":"2025-10-17T07:15:41","guid":{"rendered":"https:\/\/silencioclub.com\/?page_id=4610"},"modified":"2026-03-28T11:18:52","modified_gmt":"2026-03-28T11:18:52","slug":"restaurant","status":"publish","type":"page","link":"https:\/\/silencioclub.com\/es\/restaurant\/","title":{"rendered":"Gitane"},"content":{"rendered":"\t\t<div data-elementor-type=\"wp-page\" data-elementor-id=\"4610\" class=\"elementor elementor-4610\" data-elementor-post-type=\"page\">\n\t\t\t\t\t\t<section class=\"elementor-section elementor-top-section elementor-element elementor-element-199bde5 elementor-section-full_width elementor-section-height-min-height elementor-section-height-default elementor-section-items-middle\" data-id=\"199bde5\" data-element_type=\"section\" data-settings=\"{&quot;background_background&quot;:&quot;classic&quot;}\">\n\t\t\t\t\t\t<div class=\"elementor-container elementor-column-gap-no\">\n\t\t\t\t\t<div class=\"elementor-column elementor-col-100 elementor-top-column elementor-element elementor-element-a9b8ebf\" data-id=\"a9b8ebf\" data-element_type=\"column\">\n\t\t\t<div class=\"elementor-widget-wrap elementor-element-populated\">\n\t\t\t\t\t\t<div class=\"elementor-element elementor-element-f3c446d elementor-hidden-mobile elementor-widget elementor-widget-image\" data-id=\"f3c446d\" data-element_type=\"widget\" data-widget_type=\"image.default\">\n\t\t\t\t<div class=\"elementor-widget-container\">\n\t\t\t\t\t\t\t\t\t\t\t\t\t\t\t<img fetchpriority=\"high\" decoding=\"async\" width=\"2560\" height=\"1440\" src=\"https:\/\/silencioclub.com\/wp-content\/uploads\/2025\/10\/FRASE-PARA-WEB-scaled.png\" class=\"attachment-full size-full wp-image-4765\" alt=\"\" srcset=\"https:\/\/silencioclub.com\/wp-content\/uploads\/2025\/10\/FRASE-PARA-WEB-scaled.png 2560w, https:\/\/silencioclub.com\/wp-content\/uploads\/2025\/10\/FRASE-PARA-WEB-300x169.png 300w, https:\/\/silencioclub.com\/wp-content\/uploads\/2025\/10\/FRASE-PARA-WEB-1024x576.png 1024w, https:\/\/silencioclub.com\/wp-content\/uploads\/2025\/10\/FRASE-PARA-WEB-768x432.png 768w, https:\/\/silencioclub.com\/wp-content\/uploads\/2025\/10\/FRASE-PARA-WEB-1536x864.png 1536w, https:\/\/silencioclub.com\/wp-content\/uploads\/2025\/10\/FRASE-PARA-WEB-2048x1152.png 2048w, https:\/\/silencioclub.com\/wp-content\/uploads\/2025\/10\/FRASE-PARA-WEB-18x10.png 18w\" sizes=\"(max-width: 2560px) 100vw, 2560px\" \/>\t\t\t\t\t\t\t\t\t\t\t\t\t\t\t<\/div>\n\t\t\t\t<\/div>\n\t\t\t\t<div class=\"elementor-element elementor-element-e7b64b3 elementor-widget elementor-widget-html\" data-id=\"e7b64b3\" data-element_type=\"widget\" data-widget_type=\"html.default\">\n\t\t\t\t<div class=\"elementor-widget-container\">\n\t\t\t\t\t<script>\ndocument.addEventListener('DOMContentLoaded', function() {\n    var nuevaImagenSrc = 'https:\/\/silencioclub.com\/wp-content\/uploads\/2025\/10\/logo_gitane.png';\n\n    var currentPath = window.location.pathname;\n    if (currentPath.includes('\/restaurant')) {\n        var logoImg = document.querySelector('.logo-wrapper .logo-img');\n        logoImg.src = nuevaImagenSrc;\n        logoImg.srcset = nuevaImagenSrc;\n        logoImg.style.height='80px';\n        logoImg.style.width='auto';\n        \n        const fondoImg = document.querySelector('.logo-wrapper');\n        fondoImg.style.backgroundColor=\"transparent\";\n        \n        const navbar = document.querySelector('.navbar');\n        if (navbar) {\n            navbar.style.backgroundColor='white';\n            navbar.style.height='100px';\n            navbar.style.paddingTop='0px';\n        }\n        \n        \n        const enlaceHeader = document.querySelectorAll('.navbar .container .navbar-collapse .navbar-nav .menu-item .nav-link');\n        if (enlaceHeader) {\n            enlaceHeader.forEach(enlace => {\n                enlace.style.color=\"#222\";\n            })\n        }\n    }\n});\n<\/script>\t\t\t\t<\/div>\n\t\t\t\t<\/div>\n\t\t\t\t\t<\/div>\n\t\t<\/div>\n\t\t\t\t\t<\/div>\n\t\t<\/section>\n\t\t\t\t<section class=\"elementor-section elementor-top-section elementor-element elementor-element-f75261f elementor-section-boxed elementor-section-height-default elementor-section-height-default\" data-id=\"f75261f\" data-element_type=\"section\">\n\t\t\t\t\t\t<div class=\"elementor-container elementor-column-gap-no\">\n\t\t\t\t\t<div class=\"elementor-column elementor-col-100 elementor-top-column elementor-element elementor-element-003bdf4\" data-id=\"003bdf4\" data-element_type=\"column\">\n\t\t\t<div class=\"elementor-widget-wrap elementor-element-populated\">\n\t\t\t\t\t\t<div class=\"elementor-element elementor-element-4e5e861 elementor-widget elementor-widget-heading\" data-id=\"4e5e861\" data-element_type=\"widget\" data-widget_type=\"heading.default\">\n\t\t\t\t<div class=\"elementor-widget-container\">\n\t\t\t\t\t<h2 class=\"elementor-heading-title elementor-size-default\">Un lugar donde el sol se despide entre risas, brindis y canciones<\/h2>\t\t\t\t<\/div>\n\t\t\t\t<\/div>\n\t\t\t\t<div class=\"elementor-element elementor-element-ff7cf1c elementor-widget elementor-widget-heading\" data-id=\"ff7cf1c\" data-element_type=\"widget\" data-widget_type=\"heading.default\">\n\t\t\t\t<div class=\"elementor-widget-container\">\n\t\t\t\t\t<h2 class=\"elementor-heading-title elementor-size-default\">Donde el tiempo se detiene y cada tarde se convierte en un recuerdo<\/h2>\t\t\t\t<\/div>\n\t\t\t\t<\/div>\n\t\t\t\t<div class=\"elementor-element elementor-element-4528997 elementor-widget elementor-widget-text-editor\" data-id=\"4528997\" data-element_type=\"widget\" data-widget_type=\"text-editor.default\">\n\t\t\t\t<div class=\"elementor-widget-container\">\n\t\t\t\t\t\t\t\t\t<p>Gitane es tardeo, atardecer y magia.<br \/>Es bailar sin mirar el reloj, brindar con amigos y dejarse llevar por la m\u00fasica y la brisa del Mediterr\u00e1neo.<\/p><p>Porque aqu\u00ed, los mejores momentos siempre empiezan con el atardece<\/p>\t\t\t\t\t\t\t\t<\/div>\n\t\t\t\t<\/div>\n\t\t\t\t\t<\/div>\n\t\t<\/div>\n\t\t\t\t\t<\/div>\n\t\t<\/section>\n\t\t\t\t<section class=\"elementor-section elementor-top-section elementor-element elementor-element-4dc601a elementor-section-boxed elementor-section-height-default elementor-section-height-default\" data-id=\"4dc601a\" data-element_type=\"section\">\n\t\t\t\t\t\t<div class=\"elementor-container elementor-column-gap-default\">\n\t\t\t\t\t<div class=\"elementor-column elementor-col-25 elementor-top-column elementor-element elementor-element-ebaaa44\" data-id=\"ebaaa44\" data-element_type=\"column\">\n\t\t\t<div class=\"elementor-widget-wrap elementor-element-populated\">\n\t\t\t\t\t\t<div class=\"elementor-element elementor-element-ef168e4 elementor-align-center elementor-widget elementor-widget-button\" data-id=\"ef168e4\" data-element_type=\"widget\" data-widget_type=\"button.default\">\n\t\t\t\t<div class=\"elementor-widget-container\">\n\t\t\t\t\t\t\t\t\t<div class=\"elementor-button-wrapper\">\n\t\t\t\t\t<a class=\"elementor-button elementor-button-link elementor-size-sm\" href=\"https:\/\/silencioclub.com\/wp-content\/uploads\/2025\/11\/Digital_CARTA-GITANE-DESAYUNOS-2025.pdf\" target=\"_blank\">\n\t\t\t\t\t\t<span class=\"elementor-button-content-wrapper\">\n\t\t\t\t\t\t\t\t\t<span class=\"elementor-button-text\">CARTA DESAYUNOS<\/span>\n\t\t\t\t\t<\/span>\n\t\t\t\t\t<\/a>\n\t\t\t\t<\/div>\n\t\t\t\t\t\t\t\t<\/div>\n\t\t\t\t<\/div>\n\t\t\t\t\t<\/div>\n\t\t<\/div>\n\t\t\t\t<div class=\"elementor-column elementor-col-25 elementor-top-column elementor-element elementor-element-6f60e3a\" data-id=\"6f60e3a\" data-element_type=\"column\">\n\t\t\t<div class=\"elementor-widget-wrap elementor-element-populated\">\n\t\t\t\t\t\t<div class=\"elementor-element elementor-element-360a803 elementor-align-center elementor-widget elementor-widget-button\" data-id=\"360a803\" data-element_type=\"widget\" data-widget_type=\"button.default\">\n\t\t\t\t<div class=\"elementor-widget-container\">\n\t\t\t\t\t\t\t\t\t<div class=\"elementor-button-wrapper\">\n\t\t\t\t\t<a class=\"elementor-button elementor-button-link elementor-size-sm\" href=\"https:\/\/silencioclub.com\/wp-content\/uploads\/2026\/03\/Digital_CARTA-GITANE.pdf\" target=\"_blank\">\n\t\t\t\t\t\t<span class=\"elementor-button-content-wrapper\">\n\t\t\t\t\t\t\t\t\t<span class=\"elementor-button-text\">CARTA RESTAURANTE<\/span>\n\t\t\t\t\t<\/span>\n\t\t\t\t\t<\/a>\n\t\t\t\t<\/div>\n\t\t\t\t\t\t\t\t<\/div>\n\t\t\t\t<\/div>\n\t\t\t\t\t<\/div>\n\t\t<\/div>\n\t\t\t\t<div class=\"elementor-column elementor-col-25 elementor-top-column elementor-element elementor-element-77b2b68\" data-id=\"77b2b68\" data-element_type=\"column\">\n\t\t\t<div class=\"elementor-widget-wrap elementor-element-populated\">\n\t\t\t\t\t\t<div class=\"elementor-element elementor-element-d0dedb4 elementor-align-center elementor-widget elementor-widget-button\" data-id=\"d0dedb4\" data-element_type=\"widget\" data-widget_type=\"button.default\">\n\t\t\t\t<div class=\"elementor-widget-container\">\n\t\t\t\t\t\t\t\t\t<div class=\"elementor-button-wrapper\">\n\t\t\t\t\t<a class=\"elementor-button elementor-button-link elementor-size-sm\" href=\"https:\/\/silencioclub.com\/wp-content\/uploads\/2025\/10\/Digital_GITANE_CARTA-COCTELES-1.pdf\" target=\"_blank\">\n\t\t\t\t\t\t<span class=\"elementor-button-content-wrapper\">\n\t\t\t\t\t\t\t\t\t<span class=\"elementor-button-text\">CARTA C\u00d3CTELES<\/span>\n\t\t\t\t\t<\/span>\n\t\t\t\t\t<\/a>\n\t\t\t\t<\/div>\n\t\t\t\t\t\t\t\t<\/div>\n\t\t\t\t<\/div>\n\t\t\t\t\t<\/div>\n\t\t<\/div>\n\t\t\t\t<div class=\"elementor-column elementor-col-25 elementor-top-column elementor-element elementor-element-443ccc2\" data-id=\"443ccc2\" data-element_type=\"column\">\n\t\t\t<div class=\"elementor-widget-wrap elementor-element-populated\">\n\t\t\t\t\t\t<div class=\"elementor-element elementor-element-a51e765 elementor-align-center elementor-widget elementor-widget-button\" data-id=\"a51e765\" data-element_type=\"widget\" data-widget_type=\"button.default\">\n\t\t\t\t<div class=\"elementor-widget-container\">\n\t\t\t\t\t\t\t\t\t<div class=\"elementor-button-wrapper\">\n\t\t\t\t\t<a class=\"elementor-button elementor-button-link elementor-size-sm\" href=\"https:\/\/silencioclub.com\/wp-content\/uploads\/2025\/10\/Digital_CARTA-VINOS-GITANE.pdf\" target=\"_blank\">\n\t\t\t\t\t\t<span class=\"elementor-button-content-wrapper\">\n\t\t\t\t\t\t\t\t\t<span class=\"elementor-button-text\">CARTA DE VINOS<\/span>\n\t\t\t\t\t<\/span>\n\t\t\t\t\t<\/a>\n\t\t\t\t<\/div>\n\t\t\t\t\t\t\t\t<\/div>\n\t\t\t\t<\/div>\n\t\t\t\t\t<\/div>\n\t\t<\/div>\n\t\t\t\t\t<\/div>\n\t\t<\/section>\n\t\t\t\t<section class=\"elementor-section elementor-top-section elementor-element elementor-element-6646c92 elementor-section-boxed elementor-section-height-default elementor-section-height-default\" data-id=\"6646c92\" data-element_type=\"section\">\n\t\t\t\t\t\t<div class=\"elementor-container elementor-column-gap-default\">\n\t\t\t\t\t<div class=\"elementor-column elementor-col-25 elementor-top-column elementor-element elementor-element-de4ba80\" data-id=\"de4ba80\" data-element_type=\"column\">\n\t\t\t<div class=\"elementor-widget-wrap elementor-element-populated\">\n\t\t\t\t\t\t<div class=\"elementor-element elementor-element-5030f82 elementor-hidden-mobile elementor-widget elementor-widget-image\" data-id=\"5030f82\" data-element_type=\"widget\" data-widget_type=\"image.default\">\n\t\t\t\t<div class=\"elementor-widget-container\">\n\t\t\t\t\t\t\t\t\t\t\t\t\t\t\t<img decoding=\"async\" width=\"683\" height=\"1024\" src=\"https:\/\/silencioclub.com\/wp-content\/uploads\/2024\/12\/iT0Foedg-683x1024.jpeg\" class=\"attachment-large size-large wp-image-3212\" alt=\"\" srcset=\"https:\/\/silencioclub.com\/wp-content\/uploads\/2024\/12\/iT0Foedg-683x1024.jpeg 683w, https:\/\/silencioclub.com\/wp-content\/uploads\/2024\/12\/iT0Foedg-200x300.jpeg 200w, https:\/\/silencioclub.com\/wp-content\/uploads\/2024\/12\/iT0Foedg-768x1152.jpeg 768w, https:\/\/silencioclub.com\/wp-content\/uploads\/2024\/12\/iT0Foedg-1024x1536.jpeg 1024w, https:\/\/silencioclub.com\/wp-content\/uploads\/2024\/12\/iT0Foedg-1365x2048.jpeg 1365w, https:\/\/silencioclub.com\/wp-content\/uploads\/2024\/12\/iT0Foedg-scaled.jpeg 1707w\" sizes=\"(max-width: 683px) 100vw, 683px\" \/>\t\t\t\t\t\t\t\t\t\t\t\t\t\t\t<\/div>\n\t\t\t\t<\/div>\n\t\t\t\t\t<\/div>\n\t\t<\/div>\n\t\t\t\t<div class=\"elementor-column elementor-col-25 elementor-top-column elementor-element elementor-element-996ad96\" data-id=\"996ad96\" data-element_type=\"column\">\n\t\t\t<div class=\"elementor-widget-wrap elementor-element-populated\">\n\t\t\t\t\t\t<div class=\"elementor-element elementor-element-0b8e1a1 elementor-widget elementor-widget-image\" data-id=\"0b8e1a1\" data-element_type=\"widget\" data-widget_type=\"image.default\">\n\t\t\t\t<div class=\"elementor-widget-container\">\n\t\t\t\t\t\t\t\t\t\t\t\t\t\t\t<img decoding=\"async\" width=\"533\" height=\"800\" src=\"https:\/\/silencioclub.com\/wp-content\/uploads\/2024\/12\/iE9sk6kw.jpeg\" class=\"attachment-large size-large wp-image-3211\" alt=\"\" srcset=\"https:\/\/silencioclub.com\/wp-content\/uploads\/2024\/12\/iE9sk6kw.jpeg 533w, https:\/\/silencioclub.com\/wp-content\/uploads\/2024\/12\/iE9sk6kw-200x300.jpeg 200w\" sizes=\"(max-width: 533px) 100vw, 533px\" \/>\t\t\t\t\t\t\t\t\t\t\t\t\t\t\t<\/div>\n\t\t\t\t<\/div>\n\t\t\t\t\t<\/div>\n\t\t<\/div>\n\t\t\t\t<div class=\"elementor-column elementor-col-25 elementor-top-column elementor-element elementor-element-8101141\" data-id=\"8101141\" data-element_type=\"column\">\n\t\t\t<div class=\"elementor-widget-wrap elementor-element-populated\">\n\t\t\t\t\t\t<div class=\"elementor-element elementor-element-eef2884 elementor-widget elementor-widget-image\" data-id=\"eef2884\" data-element_type=\"widget\" data-widget_type=\"image.default\">\n\t\t\t\t<div class=\"elementor-widget-container\">\n\t\t\t\t\t\t\t\t\t\t\t\t\t\t\t<img loading=\"lazy\" decoding=\"async\" width=\"683\" height=\"1024\" src=\"https:\/\/silencioclub.com\/wp-content\/uploads\/2025\/03\/CARNE-683x1024.webp\" class=\"attachment-large size-large wp-image-4305\" alt=\"\" srcset=\"https:\/\/silencioclub.com\/wp-content\/uploads\/2025\/03\/CARNE-683x1024.webp 683w, https:\/\/silencioclub.com\/wp-content\/uploads\/2025\/03\/CARNE-200x300.webp 200w, https:\/\/silencioclub.com\/wp-content\/uploads\/2025\/03\/CARNE-768x1151.webp 768w, https:\/\/silencioclub.com\/wp-content\/uploads\/2025\/03\/CARNE-1025x1536.webp 1025w, https:\/\/silencioclub.com\/wp-content\/uploads\/2025\/03\/CARNE-1366x2048.webp 1366w, https:\/\/silencioclub.com\/wp-content\/uploads\/2025\/03\/CARNE-scaled.webp 1708w\" sizes=\"(max-width: 683px) 100vw, 683px\" \/>\t\t\t\t\t\t\t\t\t\t\t\t\t\t\t<\/div>\n\t\t\t\t<\/div>\n\t\t\t\t\t<\/div>\n\t\t<\/div>\n\t\t\t\t<div class=\"elementor-column elementor-col-25 elementor-top-column elementor-element elementor-element-83ac624\" data-id=\"83ac624\" data-element_type=\"column\">\n\t\t\t<div class=\"elementor-widget-wrap elementor-element-populated\">\n\t\t\t\t\t\t<div class=\"elementor-element elementor-element-407f4a3 elementor-hidden-mobile elementor-widget elementor-widget-image\" data-id=\"407f4a3\" data-element_type=\"widget\" data-widget_type=\"image.default\">\n\t\t\t\t<div class=\"elementor-widget-container\">\n\t\t\t\t\t\t\t\t\t\t\t\t\t\t\t<img loading=\"lazy\" decoding=\"async\" width=\"683\" height=\"1024\" src=\"https:\/\/silencioclub.com\/wp-content\/uploads\/2024\/12\/M0JYXknQ-683x1024.jpeg\" class=\"attachment-large size-large wp-image-3209\" alt=\"\" srcset=\"https:\/\/silencioclub.com\/wp-content\/uploads\/2024\/12\/M0JYXknQ-683x1024.jpeg 683w, https:\/\/silencioclub.com\/wp-content\/uploads\/2024\/12\/M0JYXknQ-200x300.jpeg 200w, https:\/\/silencioclub.com\/wp-content\/uploads\/2024\/12\/M0JYXknQ-768x1152.jpeg 768w, https:\/\/silencioclub.com\/wp-content\/uploads\/2024\/12\/M0JYXknQ-1024x1536.jpeg 1024w, https:\/\/silencioclub.com\/wp-content\/uploads\/2024\/12\/M0JYXknQ-1365x2048.jpeg 1365w, https:\/\/silencioclub.com\/wp-content\/uploads\/2024\/12\/M0JYXknQ-scaled.jpeg 1707w\" sizes=\"(max-width: 683px) 100vw, 683px\" \/>\t\t\t\t\t\t\t\t\t\t\t\t\t\t\t<\/div>\n\t\t\t\t<\/div>\n\t\t\t\t\t<\/div>\n\t\t<\/div>\n\t\t\t\t\t<\/div>\n\t\t<\/section>\n\t\t\t\t<\/div>\n\t\t","protected":false},"excerpt":{"rendered":"<p>Un lugar donde el sol se despide entre risas, brindis y canciones Donde el tiempo se detiene y cada tarde se convierte en un recuerdo Gitane es tardeo, atardecer y magia.Es bailar sin mirar el reloj, brindar con amigos y dejarse llevar por la m\u00fasica y la brisa del Mediterr\u00e1neo.Porque aqu\u00ed, los mejores momentos siempre [&hellip;]<\/p>\n","protected":false},"author":4,"featured_media":0,"parent":0,"menu_order":0,"comment_status":"closed","ping_status":"closed","template":"page-templates\/home.php","meta":{"footnotes":""},"class_list":["post-4610","page","type-page","status-publish","hentry"],"_links":{"self":[{"href":"https:\/\/silencioclub.com\/es\/wp-json\/wp\/v2\/pages\/4610","targetHints":{"allow":["GET"]}}],"collection":[{"href":"https:\/\/silencioclub.com\/es\/wp-json\/wp\/v2\/pages"}],"about":[{"href":"https:\/\/silencioclub.com\/es\/wp-json\/wp\/v2\/types\/page"}],"author":[{"embeddable":true,"href":"https:\/\/silencioclub.com\/es\/wp-json\/wp\/v2\/users\/4"}],"replies":[{"embeddable":true,"href":"https:\/\/silencioclub.com\/es\/wp-json\/wp\/v2\/comments?post=4610"}],"version-history":[{"count":171,"href":"https:\/\/silencioclub.com\/es\/wp-json\/wp\/v2\/pages\/4610\/revisions"}],"predecessor-version":[{"id":4823,"href":"https:\/\/silencioclub.com\/es\/wp-json\/wp\/v2\/pages\/4610\/revisions\/4823"}],"wp:attachment":[{"href":"https:\/\/silencioclub.com\/es\/wp-json\/wp\/v2\/media?parent=4610"}],"curies":[{"name":"wp","href":"https:\/\/api.w.org\/{rel}","templated":true}]}}